{"id":59,"date":"2024-03-18T00:13:02","date_gmt":"2024-03-18T00:13:02","guid":{"rendered":"https:\/\/latinoservicestax.com\/?page_id=59"},"modified":"2024-03-28T04:46:55","modified_gmt":"2024-03-28T04:46:55","slug":"payments","status":"publish","type":"page","link":"https:\/\/latinoservices.net\/?page_id=59","title":{"rendered":"About Us"},"content":{"rendered":"\n<div class=\"wp-block-cover alignfull is-light\" style=\"min-height:348px;aspect-ratio:unset;\"><span aria-hidden=\"true\" class=\"wp-block-cover__background has-background-dim-80 has-background-dim\" style=\"background-color:#ffea00\"><\/span><div class=\"wp-block-cover__inner-container is-layout-flow wp-block-cover-is-layout-flow\">\n<p><\/p>\n\n\n\n<h2 class=\"wp-block-heading has-text-align-center\">Family Owned!<\/h2>\n\n\n\n<p><\/p>\n\n\n\n<h2 class=\"wp-block-heading has-text-align-center\">Over 25 Years in Business!<\/h2>\n\n\n\n<p><\/p>\n\n\n\n<h2 class=\"wp-block-heading has-text-align-center\">Fluent in English and Espa\u00f1ol!<\/h2>\n\n\n\n<p><\/p>\n<\/div><\/div>\n\n\n\n<p><\/p>\n\n\n\n<div class=\"wp-block-cover alignfull\"><span aria-hidden=\"true\" class=\"wp-block-cover__background has-background-dim-80 has-background-dim\" style=\"background-color:#0e29f4\"><\/span><div class=\"wp-block-cover__inner-container is-layout-flow wp-block-cover-is-layout-flow\">\n<div class=\"wp-block-group has-global-padding is-layout-constrained wp-block-group-is-layout-constrained\">\n<p><\/p>\n\n\n\n<h2 class=\"wp-block-heading\">Espa\u00f1ol<\/h2>\n\n\n\n<p><strong>Como empresa familiar con m\u00e1s de 25 a\u00f1os de servicio dedicado, nos enorgullece nuestro compromiso con nuestra comunidad y nuestros clientes.<\/strong><\/p>\n\n\n\n<p>En Latino Services, entendemos la importancia de superar las barreras del idioma, por eso ofrecemos nuestra experiencia en ingl\u00e9s y espa\u00f1ol. Ya sea que necesite ayuda con servicios de Notary Republic, consultas de impuestos, asuntos de inmigraci\u00f3n o navegaci\u00f3n por el DMV, nuestro equipo biling\u00fce est\u00e1 aqu\u00ed para guiarlo en cada paso del proceso con cuidado y competencia.<\/p>\n\n\n\n<p>Como piedra angular de la comunidad, priorizamos la construcci\u00f3n de relaciones s\u00f3lidas y brindar un servicio excepcional a cada persona que cruza nuestras puertas. Nuestros profesionales experimentados est\u00e1n dedicados a ofrecer soluciones personalizadas adaptadas a sus necesidades espec\u00edficas, asegurando que reciba el apoyo y la atenci\u00f3n que merece.<\/p>\n\n\n\n<p>Con Latino Services, puede confiar en que est\u00e1 en manos capaces. Ya sea que est\u00e9 buscando ayuda con documentos legales importantes, navegando por las complejidades de la presentaci\u00f3n de impuestos personales o comerciales, persiguiendo metas de inmigraci\u00f3n o gestionando asuntos relacionados con su veh\u00edculo, estamos aqu\u00ed para servirle con integridad, profesionalismo y un genuino compromiso con su \u00e9xito.<\/p>\n\n\n\n<p><\/p>\n\n\n\n<h2 class=\"wp-block-heading\">English<\/h2>\n\n\n\n<p><strong>As a family-owned business with over 25 years of dedicated service, we take pride in our commitment to our community and our clients.<\/strong><\/p>\n\n\n\n<p>At Latino Services, we understand the importance of bridging language barriers, which is why we offer our expertise in both English and Spanish. Whether you need assistance with Notary Republic services, tax consultations, immigration matters, or navigating the DMV, our bilingual team is here to guide you through every step of the process with care and proficiency.<\/p>\n\n\n\n<p>As a cornerstone of the community, we prioritize building strong relationships and providing exceptional service to each individual who walks through our doors. Our experienced professionals are dedicated to delivering personalized solutions tailored to meet your specific needs, ensuring that you receive the support and attention you deserve.<\/p>\n\n\n\n<p>With Latino Services, you can trust that you&#8217;re in capable hands. Whether you&#8217;re seeking assistance with important legal documents, navigating the complexities of filing personal or business taxes, pursuing immigration goals, or managing your vehicle-related matters, we are here to serve you with integrity, professionalism, and a genuine commitment to your success.<\/p>\n\n\n\n<p><\/p>\n<\/div>\n<\/div><\/div>\n\n\n\n<p><\/p>\n\n\n\n<p><\/p>\n\n\n\n<figure class=\"wp-block-image aligncenter size-full\"><img loading=\"lazy\" decoding=\"async\" width=\"397\" height=\"718\" src=\"https:\/\/latinoservicestax.com\/wp-content\/uploads\/2024\/03\/locations-1.jpeg\" alt=\"\" class=\"wp-image-131\" srcset=\"https:\/\/latinoservices.net\/wp-content\/uploads\/2024\/03\/locations-1.jpeg 397w, https:\/\/latinoservices.net\/wp-content\/uploads\/2024\/03\/locations-1-166x300.jpeg 166w\" sizes=\"(max-width: 397px) 100vw, 397px\" \/><\/figure>\n","protected":false},"excerpt":{"rendered":"","protected":false},"author":1,"featured_media":0,"parent":0,"menu_order":0,"comment_status":"closed","ping_status":"closed","template":"","meta":{"_coblocks_attr":"","_coblocks_dimensions":"","_coblocks_responsive_height":"","_coblocks_accordion_ie_support":"","footnotes":""},"yoast_head":"<!-- This site is optimized with the Yoast SEO plugin v22.8 - https:\/\/yoast.com\/wordpress\/plugins\/seo\/ -->\n<title>About Us - Latino Services<\/title>\n<meta name=\"robots\" content=\"index, follow, max-snippet:-1, max-image-preview:large, max-video-preview:-1\" \/>\n<link rel=\"canonical\" href=\"https:\/\/latinoservices.net\/?page_id=59\" \/>\n<meta property=\"og:locale\" content=\"en_US\" \/>\n<meta property=\"og:type\" content=\"article\" \/>\n<meta property=\"og:title\" content=\"About Us - Latino Services\" \/>\n<meta property=\"og:url\" content=\"https:\/\/latinoservices.net\/?page_id=59\" \/>\n<meta property=\"og:site_name\" content=\"Latino Services\" \/>\n<meta property=\"article:modified_time\" content=\"2024-03-28T04:46:55+00:00\" \/>\n<meta property=\"og:image\" content=\"https:\/\/latinoservicestax.com\/wp-content\/uploads\/2024\/03\/locations-1.jpeg\" \/>\n<meta name=\"twitter:card\" content=\"summary_large_image\" \/>\n<meta name=\"twitter:label1\" content=\"Est. reading time\" \/>\n\t<meta name=\"twitter:data1\" content=\"2 minutes\" \/>\n<script type=\"application\/ld+json\" class=\"yoast-schema-graph\">{\"@context\":\"https:\/\/schema.org\",\"@graph\":[{\"@type\":\"WebPage\",\"@id\":\"https:\/\/latinoservices.net\/?page_id=59\",\"url\":\"https:\/\/latinoservices.net\/?page_id=59\",\"name\":\"About Us - Latino Services\",\"isPartOf\":{\"@id\":\"https:\/\/latinoservices.net\/#website\"},\"primaryImageOfPage\":{\"@id\":\"https:\/\/latinoservices.net\/?page_id=59#primaryimage\"},\"image\":{\"@id\":\"https:\/\/latinoservices.net\/?page_id=59#primaryimage\"},\"thumbnailUrl\":\"https:\/\/latinoservicestax.com\/wp-content\/uploads\/2024\/03\/locations-1.jpeg\",\"datePublished\":\"2024-03-18T00:13:02+00:00\",\"dateModified\":\"2024-03-28T04:46:55+00:00\",\"breadcrumb\":{\"@id\":\"https:\/\/latinoservices.net\/?page_id=59#breadcrumb\"},\"inLanguage\":\"en-US\",\"potentialAction\":[{\"@type\":\"ReadAction\",\"target\":[\"https:\/\/latinoservices.net\/?page_id=59\"]}]},{\"@type\":\"ImageObject\",\"inLanguage\":\"en-US\",\"@id\":\"https:\/\/latinoservices.net\/?page_id=59#primaryimage\",\"url\":\"https:\/\/latinoservicestax.com\/wp-content\/uploads\/2024\/03\/locations-1.jpeg\",\"contentUrl\":\"https:\/\/latinoservicestax.com\/wp-content\/uploads\/2024\/03\/locations-1.jpeg\"},{\"@type\":\"BreadcrumbList\",\"@id\":\"https:\/\/latinoservices.net\/?page_id=59#breadcrumb\",\"itemListElement\":[{\"@type\":\"ListItem\",\"position\":1,\"name\":\"Home\",\"item\":\"https:\/\/latinoservices.net\/\"},{\"@type\":\"ListItem\",\"position\":2,\"name\":\"About Us\"}]},{\"@type\":\"WebSite\",\"@id\":\"https:\/\/latinoservices.net\/#website\",\"url\":\"https:\/\/latinoservices.net\/\",\"name\":\"Latino Services\",\"description\":\"\",\"publisher\":{\"@id\":\"https:\/\/latinoservices.net\/#organization\"},\"potentialAction\":[{\"@type\":\"SearchAction\",\"target\":{\"@type\":\"EntryPoint\",\"urlTemplate\":\"https:\/\/latinoservices.net\/?s={search_term_string}\"},\"query-input\":\"required name=search_term_string\"}],\"inLanguage\":\"en-US\"},{\"@type\":\"Organization\",\"@id\":\"https:\/\/latinoservices.net\/#organization\",\"name\":\"Latino Services\",\"url\":\"https:\/\/latinoservices.net\/\",\"logo\":{\"@type\":\"ImageObject\",\"inLanguage\":\"en-US\",\"@id\":\"https:\/\/latinoservices.net\/#\/schema\/logo\/image\/\",\"url\":\"https:\/\/latinoservices.net\/wp-content\/uploads\/2024\/03\/cropped-Image-3-17-24-at-2.13-PM.jpeg\",\"contentUrl\":\"https:\/\/latinoservices.net\/wp-content\/uploads\/2024\/03\/cropped-Image-3-17-24-at-2.13-PM.jpeg\",\"width\":1347,\"height\":336,\"caption\":\"Latino Services\"},\"image\":{\"@id\":\"https:\/\/latinoservices.net\/#\/schema\/logo\/image\/\"}}]}<\/script>\n<!-- \/ Yoast SEO plugin. -->","yoast_head_json":{"title":"About Us - Latino Services","robots":{"index":"index","follow":"follow","max-snippet":"max-snippet:-1","max-image-preview":"max-image-preview:large","max-video-preview":"max-video-preview:-1"},"canonical":"https:\/\/latinoservices.net\/?page_id=59","og_locale":"en_US","og_type":"article","og_title":"About Us - Latino Services","og_url":"https:\/\/latinoservices.net\/?page_id=59","og_site_name":"Latino Services","article_modified_time":"2024-03-28T04:46:55+00:00","og_image":[{"url":"https:\/\/latinoservicestax.com\/wp-content\/uploads\/2024\/03\/locations-1.jpeg"}],"twitter_card":"summary_large_image","twitter_misc":{"Est. reading time":"2 minutes"},"schema":{"@context":"https:\/\/schema.org","@graph":[{"@type":"WebPage","@id":"https:\/\/latinoservices.net\/?page_id=59","url":"https:\/\/latinoservices.net\/?page_id=59","name":"About Us - Latino Services","isPartOf":{"@id":"https:\/\/latinoservices.net\/#website"},"primaryImageOfPage":{"@id":"https:\/\/latinoservices.net\/?page_id=59#primaryimage"},"image":{"@id":"https:\/\/latinoservices.net\/?page_id=59#primaryimage"},"thumbnailUrl":"https:\/\/latinoservicestax.com\/wp-content\/uploads\/2024\/03\/locations-1.jpeg","datePublished":"2024-03-18T00:13:02+00:00","dateModified":"2024-03-28T04:46:55+00:00","breadcrumb":{"@id":"https:\/\/latinoservices.net\/?page_id=59#breadcrumb"},"inLanguage":"en-US","potentialAction":[{"@type":"ReadAction","target":["https:\/\/latinoservices.net\/?page_id=59"]}]},{"@type":"ImageObject","inLanguage":"en-US","@id":"https:\/\/latinoservices.net\/?page_id=59#primaryimage","url":"https:\/\/latinoservicestax.com\/wp-content\/uploads\/2024\/03\/locations-1.jpeg","contentUrl":"https:\/\/latinoservicestax.com\/wp-content\/uploads\/2024\/03\/locations-1.jpeg"},{"@type":"BreadcrumbList","@id":"https:\/\/latinoservices.net\/?page_id=59#breadcrumb","itemListElement":[{"@type":"ListItem","position":1,"name":"Home","item":"https:\/\/latinoservices.net\/"},{"@type":"ListItem","position":2,"name":"About Us"}]},{"@type":"WebSite","@id":"https:\/\/latinoservices.net\/#website","url":"https:\/\/latinoservices.net\/","name":"Latino Services","description":"","publisher":{"@id":"https:\/\/latinoservices.net\/#organization"},"potentialAction":[{"@type":"SearchAction","target":{"@type":"EntryPoint","urlTemplate":"https:\/\/latinoservices.net\/?s={search_term_string}"},"query-input":"required name=search_term_string"}],"inLanguage":"en-US"},{"@type":"Organization","@id":"https:\/\/latinoservices.net\/#organization","name":"Latino Services","url":"https:\/\/latinoservices.net\/","logo":{"@type":"ImageObject","inLanguage":"en-US","@id":"https:\/\/latinoservices.net\/#\/schema\/logo\/image\/","url":"https:\/\/latinoservices.net\/wp-content\/uploads\/2024\/03\/cropped-Image-3-17-24-at-2.13-PM.jpeg","contentUrl":"https:\/\/latinoservices.net\/wp-content\/uploads\/2024\/03\/cropped-Image-3-17-24-at-2.13-PM.jpeg","width":1347,"height":336,"caption":"Latino Services"},"image":{"@id":"https:\/\/latinoservices.net\/#\/schema\/logo\/image\/"}}]}},"_links":{"self":[{"href":"https:\/\/latinoservices.net\/index.php?rest_route=\/wp\/v2\/pages\/59"}],"collection":[{"href":"https:\/\/latinoservices.net\/index.php?rest_route=\/wp\/v2\/pages"}],"about":[{"href":"https:\/\/latinoservices.net\/index.php?rest_route=\/wp\/v2\/types\/page"}],"author":[{"embeddable":true,"href":"https:\/\/latinoservices.net\/index.php?rest_route=\/wp\/v2\/users\/1"}],"replies":[{"embeddable":true,"href":"https:\/\/latinoservices.net\/index.php?rest_route=%2Fwp%2Fv2%2Fcomments&post=59"}],"version-history":[{"count":9,"href":"https:\/\/latinoservices.net\/index.php?rest_route=\/wp\/v2\/pages\/59\/revisions"}],"predecessor-version":[{"id":183,"href":"https:\/\/latinoservices.net\/index.php?rest_route=\/wp\/v2\/pages\/59\/revisions\/183"}],"wp:attachment":[{"href":"https:\/\/latinoservices.net\/index.php?rest_route=%2Fwp%2Fv2%2Fmedia&parent=59"}],"curies":[{"name":"wp","href":"https:\/\/api.w.org\/{rel}","templated":true}]}}